{"id":2442,"date":"2026-03-02T17:05:17","date_gmt":"2026-03-02T17:05:17","guid":{"rendered":"http:\/\/test.mypanther.io\/?page_id=2442"},"modified":"2026-04-14T16:21:39","modified_gmt":"2026-04-14T16:21:39","slug":"estructura-corporativa","status":"publish","type":"page","link":"http:\/\/test.mypanther.io\/es\/estructura-corporativa\/","title":{"rendered":"Estructura Corporativa"},"content":{"rendered":"\t\t<div data-elementor-type=\"wp-page\" data-elementor-id=\"2442\" class=\"elementor elementor-2442\" data-elementor-post-type=\"page\">\n\t\t\t\t<div class=\"elementor-element elementor-element-5108a78 e-flex e-con-boxed e-con e-parent\" data-id=\"5108a78\" data-element_type=\"container\" data-e-type=\"container\" data-settings=\"{&quot;background_background&quot;:&quot;gradient&quot;}\">\n\t\t\t\t\t<div class=\"e-con-inner\">\n\t\t<div class=\"elementor-element elementor-element-4c808fc e-con-full e-flex e-con e-child\" data-id=\"4c808fc\" data-element_type=\"container\" data-e-type=\"container\" data-settings=\"{&quot;background_background&quot;:&quot;classic&quot;}\">\n\t\t<div class=\"elementor-element elementor-element-bca28c4 e-con-full e-flex e-con e-child\" data-id=\"bca28c4\" data-element_type=\"container\" data-e-type=\"container\">\n\t\t\t\t<div class=\"elementor-element elementor-element-89b03bb elementor-widget elementor-widget-theme-site-logo elementor-widget-image\" data-id=\"89b03bb\" data-element_type=\"widget\" data-e-type=\"widget\" data-widget_type=\"theme-site-logo.default\">\n\t\t\t\t\t\t\t\t\t\t\t<a href=\"http:\/\/test.mypanther.io\/es\">\n\t\t\t<img decoding=\"async\" width=\"194\" height=\"82\" src=\"http:\/\/test.mypanther.io\/wp-content\/uploads\/2025\/10\/logo-h.svg\" class=\"attachment-full size-full wp-image-1032\" alt=\"\" \/>\t\t\t\t<\/a>\n\t\t\t\t\t\t\t\t\t\t\t<\/div>\n\t\t\t\t<\/div>\n\t\t<div class=\"elementor-element elementor-element-95ffd07 e-con-full e-flex e-con e-child\" data-id=\"95ffd07\" data-element_type=\"container\" data-e-type=\"container\">\n\t\t\t\t<div class=\"elementor-element elementor-element-35dd715 elementor-nav-menu__align-end elementor-nav-menu--stretch elementor-nav-menu--dropdown-tablet elementor-nav-menu__text-align-aside elementor-nav-menu--toggle elementor-nav-menu--burger elementor-widget elementor-widget-nav-menu\" data-id=\"35dd715\" data-element_type=\"widget\" data-e-type=\"widget\" data-settings=\"{&quot;full_width&quot;:&quot;stretch&quot;,&quot;layout&quot;:&quot;horizontal&quot;,&quot;submenu_icon&quot;:{&quot;value&quot;:&quot;&lt;svg aria-hidden=\\&quot;true\\&quot; class=\\&quot;e-font-icon-svg e-fas-caret-down\\&quot; viewBox=\\&quot;0 0 320 512\\&quot; xmlns=\\&quot;http:\\\/\\\/www.w3.org\\\/2000\\\/svg\\&quot;&gt;&lt;path d=\\&quot;M31.3 192h257.3c17.8 0 26.7 21.5 14.1 34.1L174.1 354.8c-7.8 7.8-20.5 7.8-28.3 0L17.2 226.1C4.6 213.5 13.5 192 31.3 192z\\&quot;&gt;&lt;\\\/path&gt;&lt;\\\/svg&gt;&quot;,&quot;library&quot;:&quot;fa-solid&quot;},&quot;toggle&quot;:&quot;burger&quot;}\" data-widget_type=\"nav-menu.default\">\n\t\t\t\t\t\t\t\t<nav aria-label=\"Menu\" class=\"elementor-nav-menu--main elementor-nav-menu__container elementor-nav-menu--layout-horizontal e--pointer-background e--animation-fade\">\n\t\t\t\t<ul id=\"menu-1-35dd715\" class=\"elementor-nav-menu\"><li class=\"menu-item menu-item-type-post_type menu-item-object-page menu-item-home menu-item-3066\"><a href=\"http:\/\/test.mypanther.io\/es\/\" class=\"elementor-item\">Inicio<\/a><\/li>\n<li class=\"menu-item menu-item-type-post_type menu-item-object-page menu-item-3206\"><a href=\"http:\/\/test.mypanther.io\/es\/wallet\/\" class=\"elementor-item\">Wallet<\/a><\/li>\n<li class=\"menu-item menu-item-type-post_type menu-item-object-page menu-item-3123\"><a href=\"http:\/\/test.mypanther.io\/es\/panther-card\/\" class=\"elementor-item\">Panther Card<\/a><\/li>\n<li class=\"menu-item menu-item-type-post_type menu-item-object-page menu-item-3165\"><a href=\"http:\/\/test.mypanther.io\/es\/panther-business-2026\/\" class=\"elementor-item\">Panther Business<\/a><\/li>\n<li class=\"menu-item menu-item-type-post_type menu-item-object-page menu-item-3194\"><a href=\"http:\/\/test.mypanther.io\/es\/panther-token-pnt\/\" class=\"elementor-item\">Panther Token PNT<\/a><\/li>\n<\/ul>\t\t\t<\/nav>\n\t\t\t\t\t<div class=\"elementor-menu-toggle\" role=\"button\" tabindex=\"0\" aria-label=\"Alternar men\u00fa\" aria-expanded=\"false\">\n\t\t\t<svg aria-hidden=\"true\" role=\"presentation\" class=\"elementor-menu-toggle__icon--open e-font-icon-svg e-eicon-menu-bar\" viewBox=\"0 0 1000 1000\" xmlns=\"http:\/\/www.w3.org\/2000\/svg\"><path d=\"M104 333H896C929 333 958 304 958 271S929 208 896 208H104C71 208 42 237 42 271S71 333 104 333ZM104 583H896C929 583 958 554 958 521S929 458 896 458H104C71 458 42 487 42 521S71 583 104 583ZM104 833H896C929 833 958 804 958 771S929 708 896 708H104C71 708 42 737 42 771S71 833 104 833Z\"><\/path><\/svg><svg aria-hidden=\"true\" role=\"presentation\" class=\"elementor-menu-toggle__icon--close e-font-icon-svg e-eicon-close\" viewBox=\"0 0 1000 1000\" xmlns=\"http:\/\/www.w3.org\/2000\/svg\"><path d=\"M742 167L500 408 258 167C246 154 233 150 217 150 196 150 179 158 167 167 154 179 150 196 150 212 150 229 154 242 171 254L408 500 167 742C138 771 138 800 167 829 196 858 225 858 254 829L496 587 738 829C750 842 767 846 783 846 800 846 817 842 829 829 842 817 846 804 846 783 846 767 842 750 829 737L588 500 833 258C863 229 863 200 833 171 804 137 775 137 742 167Z\"><\/path><\/svg>\t\t<\/div>\n\t\t\t\t\t<nav class=\"elementor-nav-menu--dropdown elementor-nav-menu__container\" aria-hidden=\"true\">\n\t\t\t\t<ul id=\"menu-2-35dd715\" class=\"elementor-nav-menu\"><li class=\"menu-item menu-item-type-post_type menu-item-object-page menu-item-home menu-item-3066\"><a href=\"http:\/\/test.mypanther.io\/es\/\" class=\"elementor-item\" tabindex=\"-1\">Inicio<\/a><\/li>\n<li class=\"menu-item menu-item-type-post_type menu-item-object-page menu-item-3206\"><a href=\"http:\/\/test.mypanther.io\/es\/wallet\/\" class=\"elementor-item\" tabindex=\"-1\">Wallet<\/a><\/li>\n<li class=\"menu-item menu-item-type-post_type menu-item-object-page menu-item-3123\"><a href=\"http:\/\/test.mypanther.io\/es\/panther-card\/\" class=\"elementor-item\" tabindex=\"-1\">Panther Card<\/a><\/li>\n<li class=\"menu-item menu-item-type-post_type menu-item-object-page menu-item-3165\"><a href=\"http:\/\/test.mypanther.io\/es\/panther-business-2026\/\" class=\"elementor-item\" tabindex=\"-1\">Panther Business<\/a><\/li>\n<li class=\"menu-item menu-item-type-post_type menu-item-object-page menu-item-3194\"><a href=\"http:\/\/test.mypanther.io\/es\/panther-token-pnt\/\" class=\"elementor-item\" tabindex=\"-1\">Panther Token PNT<\/a><\/li>\n<\/ul>\t\t\t<\/nav>\n\t\t\t\t\t\t<\/div>\n\t\t\t\t<\/div>\n\t\t<div class=\"elementor-element elementor-element-ed6e254 e-con-full e-flex e-con e-child\" data-id=\"ed6e254\" data-element_type=\"container\" data-e-type=\"container\">\n\t\t<div class=\"elementor-element elementor-element-036a7ea e-grid e-con-full e-con e-child\" data-id=\"036a7ea\" data-element_type=\"container\" data-e-type=\"container\">\n\t\t\t\t<div class=\"elementor-element elementor-element-6e0ad2e elementor-mobile-align-center elementor-align-center elementor-widget elementor-widget-button\" data-id=\"6e0ad2e\" data-element_type=\"widget\" data-e-type=\"widget\" data-widget_type=\"button.default\">\n\t\t\t\t\t\t\t\t\t\t<a class=\"elementor-button elementor-button-link elementor-size-sm\" href=\"https:\/\/app.mypanther.io\/login\">\n\t\t\t\t\t\t<span class=\"elementor-button-content-wrapper\">\n\t\t\t\t\t\t\t\t\t<span class=\"elementor-button-text\">INGRESAR<\/span>\n\t\t\t\t\t<\/span>\n\t\t\t\t\t<\/a>\n\t\t\t\t\t\t\t\t<\/div>\n\t\t\t\t<div class=\"elementor-element elementor-element-ba39705 elementor-mobile-align-center elementor-align-center elementor-widget elementor-widget-button\" data-id=\"ba39705\" data-element_type=\"widget\" data-e-type=\"widget\" data-widget_type=\"button.default\">\n\t\t\t\t\t\t\t\t\t\t<a class=\"elementor-button elementor-button-link elementor-size-sm\" href=\"https:\/\/app.mypanther.io\/sign-up\">\n\t\t\t\t\t\t<span class=\"elementor-button-content-wrapper\">\n\t\t\t\t\t\t\t\t\t<span class=\"elementor-button-text\">REGISTRARSE<\/span>\n\t\t\t\t\t<\/span>\n\t\t\t\t\t<\/a>\n\t\t\t\t\t\t\t\t<\/div>\n\t\t\t\t<div class=\"elementor-element elementor-element-d56f9be elementor-mobile-align-center elementor-align-center elementor-widget elementor-widget-button\" data-id=\"d56f9be\" data-element_type=\"widget\" data-e-type=\"widget\" data-widget_type=\"button.default\">\n\t\t\t\t\t\t\t\t\t\t<a class=\"elementor-button elementor-button-link elementor-size-sm\" href=\"https:\/\/panther-refs.onelink.me\/RzBi\">\n\t\t\t\t\t\t<span class=\"elementor-button-content-wrapper\">\n\t\t\t\t\t\t<span class=\"elementor-button-icon\">\n\t\t\t\t<svg aria-hidden=\"true\" class=\"e-font-icon-svg e-fas-download\" viewBox=\"0 0 512 512\" xmlns=\"http:\/\/www.w3.org\/2000\/svg\"><path d=\"M216 0h80c13.3 0 24 10.7 24 24v168h87.7c17.8 0 26.7 21.5 14.1 34.1L269.7 378.3c-7.5 7.5-19.8 7.5-27.3 0L90.1 226.1c-12.6-12.6-3.7-34.1 14.1-34.1H192V24c0-13.3 10.7-24 24-24zm296 376v112c0 13.3-10.7 24-24 24H24c-13.3 0-24-10.7-24-24V376c0-13.3 10.7-24 24-24h146.7l49 49c20.1 20.1 52.5 20.1 72.6 0l49-49H488c13.3 0 24 10.7 24 24zm-124 88c0-11-9-20-20-20s-20 9-20 20 9 20 20 20 20-9 20-20zm64 0c0-11-9-20-20-20s-20 9-20 20 9 20 20 20 20-9 20-20z\"><\/path><\/svg>\t\t\t<\/span>\n\t\t\t\t\t\t\t\t<\/span>\n\t\t\t\t\t<\/a>\n\t\t\t\t\t\t\t\t<\/div>\n\t\t\t\t<\/div>\n\t\t\t\t<\/div>\n\t\t\t\t<\/div>\n\t\t\t\t\t<\/div>\n\t\t\t\t<\/div>\n\t\t<div class=\"elementor-element elementor-element-b974b55 e-flex e-con-boxed e-con e-parent\" data-id=\"b974b55\" data-element_type=\"container\" data-e-type=\"container\">\n\t\t\t\t\t<div class=\"e-con-inner\">\n\t\t\t\t<div class=\"elementor-element elementor-element-2c899dd legales elementor-widget elementor-widget-text-editor\" data-id=\"2c899dd\" data-element_type=\"widget\" data-e-type=\"widget\" data-widget_type=\"text-editor.default\">\n\t\t\t\t\t\t\t\t\t<p><b>Estructura Corporativa<\/b><\/p><p><b>Visi\u00f3n General<\/b><\/p><p>Panther opera como un ecosistema tecnol\u00f3gico global enfocado en soluciones de activos digitales, pagos y servicios Web3. La estructura corporativa ha sido dise\u00f1ada bajo un modelo modular y basado en riesgo que permite separar funciones operativas, tecnol\u00f3gicas y de cumplimiento entre distintas entidades del grupo, as\u00ed como proveedores especializados cuando corresponde.<\/p><p>Este enfoque busca promover eficiencia operativa, resiliencia tecnol\u00f3gica y alineaci\u00f3n con est\u00e1ndares internacionales de cumplimiento aplicables al sector de activos digitales.<\/p><p><b>Entidad Operativa<\/b><\/p><p>La plataforma Panther es operada principalmente por Veltrix Technologies O\u00dc, entidad constituida conforme a las leyes de Estonia.<\/p><p>Dependiendo del servicio espec\u00edfico, del modelo operativo y de la jurisdicci\u00f3n aplicable, ciertas funcionalidades pueden involucrar la participaci\u00f3n de entidades afiliadas del grupo Panther o proveedores tecnol\u00f3gicos externos debidamente evaluados.<\/p><p><span style=\"color: #ff6d01;\"><span style=\"caret-color: #ff6d01;\"><b>Estructura del Grupo<\/b><\/span><\/span><\/p><p>El ecosistema Panther puede incluir, entre otras, las siguientes entidades afiliadas:<\/p><p>\u2022 Veltrix Technologies O\u00dc \u2014 entidad operativa principal de la plataforma.<br \/>\u2022 Panther Custody S.A. \u2014 funciones de infraestructura, soporte operativo o servicios relacionados con activos digitales cuando aplique.<br \/>\u2022 PNT Token S.A. \u2014 funciones relacionadas con la administraci\u00f3n y aspectos operativos del token PNT.<br \/>\u2022 Empresas locales filiales al grupo. \u2014 comercializaci\u00f3n y\/o distribuci\u00f3n de hardware en jurisdicciones espec\u00edficas.<\/p><p>Cada entidad del grupo Panther opera como persona jur\u00eddica separada e independiente y puede estar sujeta a marcos regulatorios distintos seg\u00fan la naturaleza de sus actividades y la jurisdicci\u00f3n aplicable.<\/p><p><span style=\"text-align: var(--text-align); caret-color: #ff6d01;\"><span style=\"color: #ff6d01;\"><b>Segregaci\u00f3n Funcional<\/b><\/span><\/span><\/p><p><span style=\"text-align: var(--text-align); font-size: 1rem;\">Panther mantiene un modelo de segregaci\u00f3n funcional destinado a:<\/span><\/p><p>\u2022 diferenciar responsabilidades operativas y tecnol\u00f3gicas;<br \/>\u2022 gestionar riesgos de cumplimiento y financieros;<br \/>\u2022 facilitar la escalabilidad del ecosistema;<br \/>\u2022 adaptarse a requisitos regulatorios multi-jurisdiccionales; y<br \/>\u2022 mejorar la resiliencia operativa de la plataforma.<\/p><p>La asignaci\u00f3n de funciones entre entidades del grupo puede evolucionar con el tiempo conforme al desarrollo del negocio, cambios regulatorios o necesidades operativas.<\/p><p><span style=\"text-align: var(--text-align); caret-color: #ff6d01;\"><span style=\"color: #ff6d01;\"><b>Uso de Proveedores Especializados<\/b><\/span><\/span><\/p><p><span style=\"text-align: var(--text-align); font-size: 1rem;\">Panther puede apoyarse en proveedores tecnol\u00f3gicos, de cumplimiento, infraestructura o procesamiento de reconocimiento internacional para determinadas funciones especializadas, incluyendo, entre otras:<\/span><\/p><p>\u2022 verificaci\u00f3n de identidad y cumplimiento (KYC\/KYB);<br \/>\u2022 anal\u00edtica blockchain y evaluaci\u00f3n de riesgo;<br \/>\u2022 infraestructura tecnol\u00f3gica y hosting;<br \/>\u2022 procesamiento de pagos o programas de tarjetas; y<br \/>\u2022 soluciones de seguridad y monitoreo.<\/p><p>Todos los proveedores relevantes son evaluados bajo criterios de riesgo, cumplimiento y est\u00e1ndares de la industria antes de su integraci\u00f3n.<\/p><p><span style=\"color: #ff6d01;\"><span style=\"caret-color: #ff6d01;\"><b>Servicios de Infraestructura y Activos Digitales<\/b><\/span><\/span><\/p><p><span style=\"text-align: var(--text-align); font-size: 1rem;\">Panther opera mediante una arquitectura de servicios modular en la que, dependiendo del producto o funcionalidad espec\u00edfica, pueden intervenir entidades afiliadas del grupo y\/o proveedores tecnol\u00f3gicos externos que prestan funciones de infraestructura, liquidaci\u00f3n, procesamiento o soporte operativo.<\/span><\/p><p>En determinados servicios, y \u00fanicamente cuando la naturaleza del producto lo requiera, Panther puede apoyarse en proveedores especializados o entidades afiliadas que participen en funciones relacionadas con la infraestructura de activos digitales, siempre bajo un enfoque basado en riesgo y sujeto a los t\u00e9rminos contractuales aplicables.<\/p><p>La participaci\u00f3n de dichas entidades o proveedores variar\u00e1 seg\u00fan el servicio utilizado, la jurisdicci\u00f3n aplicable y la configuraci\u00f3n operativa vigente. Cada entidad del ecosistema Panther act\u00faa dentro de su propio \u00e1mbito jur\u00eddico y regulatorio, manteniendo responsabilidades diferenciadas conforme a la ley aplicable.<\/p><p><span style=\"color: #ff6d01;\"><span style=\"caret-color: #ff6d01;\"><b>Compromiso de Cumplimiento<\/b><\/span><\/span><\/p><p><span style=\"text-align: var(--text-align); font-size: 1rem;\">Panther mantiene un compromiso continuo con est\u00e1ndares internacionales de cumplimiento, incluyendo marcos relacionados con:<\/span><\/p><p>\u2022 prevenci\u00f3n de lavado de activos (AML\/CTF);<br \/>\u2022 sanciones internacionales;<br \/>\u2022 protecci\u00f3n de datos;<br \/>\u2022 gesti\u00f3n de riesgos tecnol\u00f3gicos; y<br \/>\u2022 mejores pr\u00e1cticas del sector de activos virtuales.<\/p><p>El marco de cumplimiento del grupo evoluciona din\u00e1micamente para alinearse con las recomendaciones del FATF\/GAFI, expectativas regulatorias emergentes y pr\u00e1cticas de mercado.<\/p><p><span style=\"text-align: var(--text-align); caret-color: #ff6d01;\"><span style=\"color: #ff6d01;\"><b>Evoluci\u00f3n Continua<\/b><\/span><\/span><\/p><p><span style=\"text-align: var(--text-align); font-size: 1rem;\">La estructura corporativa y operativa del ecosistema Panther podr\u00e1 ajustarse peri\u00f3dicamente para reflejar:<\/span><\/p><p>\u2022 cambios regulatorios;<br \/>\u2022 expansi\u00f3n geogr\u00e1fica;<br \/>\u2022 evoluci\u00f3n tecnol\u00f3gica;<br \/>\u2022 integraci\u00f3n de nuevos productos; o<br \/>\u2022 mejoras en la gesti\u00f3n de riesgos.<\/p><p>La versi\u00f3n vigente de la estructura del grupo ser\u00e1 la publicada a trav\u00e9s de los canales oficiales de Panther.<\/p><p><b>Contacto<\/b><\/p><p>Para consultas institucionales, regulatorias o corporativas, los interesados pueden contactar a Panther a trav\u00e9s de los canales oficiales publicados en la secci\u00f3n <a href=\"http:\/\/test.mypanther.io\/contacto\/\">Contacto<\/a>.<\/p>\t\t\t\t\t\t\t\t<\/div>\n\t\t\t\t\t<\/div>\n\t\t\t\t<\/div>\n\t\t\t\t<\/div>\n\t\t","protected":false},"excerpt":{"rendered":"<p>INGRESAR REGISTRARSE Estructura Corporativa Visi\u00f3n General Panther opera como un ecosistema tecnol\u00f3gico global enfocado en soluciones de activos digitales, pagos y servicios Web3. La estructura corporativa ha sido dise\u00f1ada bajo un modelo modular y basado en riesgo que permite separar funciones operativas, tecnol\u00f3gicas y de cumplimiento entre distintas entidades del grupo, as\u00ed como proveedores especializados [&hellip;]<\/p>\n","protected":false},"author":1,"featured_media":0,"parent":0,"menu_order":0,"comment_status":"closed","ping_status":"closed","template":"elementor_header_footer","meta":{"googlesitekit_rrm_CAowjYbfCw:productID":"","_angie_page":false,"footnotes":""},"class_list":["post-2442","page","type-page","status-publish","hentry"],"yoast_head":"<!-- This site is optimized with the Yoast SEO Premium plugin v26.2 (Yoast SEO v27.2) - https:\/\/yoast.com\/product\/yoast-seo-premium-wordpress\/ -->\n<title>Estructura Corporativa - Panther Wallet<\/title>\n<meta name=\"robots\" content=\"index, follow, max-snippet:-1, max-image-preview:large, max-video-preview:-1\" \/>\n<link rel=\"canonical\" href=\"http:\/\/test.mypanther.io\/es\/estructura-corporativa\/\" \/>\n<meta property=\"og:locale\" content=\"es_ES\" \/>\n<meta property=\"og:type\" content=\"article\" \/>\n<meta property=\"og:title\" content=\"Estructura Corporativa\" \/>\n<meta property=\"og:description\" content=\"INGRESAR REGISTRARSE Estructura Corporativa Visi\u00f3n General Panther opera como un ecosistema tecnol\u00f3gico global enfocado en soluciones de activos digitales, pagos y servicios Web3. La estructura corporativa ha sido dise\u00f1ada bajo un modelo modular y basado en riesgo que permite separar funciones operativas, tecnol\u00f3gicas y de cumplimiento entre distintas entidades del grupo, as\u00ed como proveedores especializados [&hellip;]\" \/>\n<meta property=\"og:url\" content=\"http:\/\/test.mypanther.io\/es\/estructura-corporativa\/\" \/>\n<meta property=\"og:site_name\" content=\"Panther Wallet\" \/>\n<meta property=\"article:modified_time\" content=\"2026-04-14T16:21:39+00:00\" \/>\n<meta name=\"twitter:card\" content=\"summary_large_image\" \/>\n<meta name=\"twitter:label1\" content=\"Tiempo de lectura\" \/>\n\t<meta name=\"twitter:data1\" content=\"4 minutos\" \/>\n<script type=\"application\/ld+json\" class=\"yoast-schema-graph\">{\"@context\":\"https:\/\/schema.org\",\"@graph\":[{\"@type\":\"WebPage\",\"@id\":\"http:\/\/test.mypanther.io\/estructura-corporativa\/\",\"url\":\"http:\/\/test.mypanther.io\/estructura-corporativa\/\",\"name\":\"Estructura Corporativa - Panther Wallet\",\"isPartOf\":{\"@id\":\"http:\/\/test.mypanther.io\/#website\"},\"datePublished\":\"2026-03-02T17:05:17+00:00\",\"dateModified\":\"2026-04-14T16:21:39+00:00\",\"breadcrumb\":{\"@id\":\"http:\/\/test.mypanther.io\/estructura-corporativa\/#breadcrumb\"},\"inLanguage\":\"es\",\"potentialAction\":[{\"@type\":\"ReadAction\",\"target\":[\"http:\/\/test.mypanther.io\/estructura-corporativa\/\"]}]},{\"@type\":\"BreadcrumbList\",\"@id\":\"http:\/\/test.mypanther.io\/estructura-corporativa\/#breadcrumb\",\"itemListElement\":[{\"@type\":\"ListItem\",\"position\":1,\"name\":\"Portada\",\"item\":\"http:\/\/test.mypanther.io\/\"},{\"@type\":\"ListItem\",\"position\":2,\"name\":\"Estructura Corporativa\"}]},{\"@type\":\"WebSite\",\"@id\":\"http:\/\/test.mypanther.io\/#website\",\"url\":\"http:\/\/test.mypanther.io\/\",\"name\":\"Panther Wallet\",\"description\":\"Panther Wallet\",\"publisher\":{\"@id\":\"http:\/\/test.mypanther.io\/#organization\"},\"potentialAction\":[{\"@type\":\"SearchAction\",\"target\":{\"@type\":\"EntryPoint\",\"urlTemplate\":\"http:\/\/test.mypanther.io\/?s={search_term_string}\"},\"query-input\":{\"@type\":\"PropertyValueSpecification\",\"valueRequired\":true,\"valueName\":\"search_term_string\"}}],\"inLanguage\":\"es\"},{\"@type\":\"Organization\",\"@id\":\"http:\/\/test.mypanther.io\/#organization\",\"name\":\"Panther Wallet\",\"url\":\"http:\/\/test.mypanther.io\/\",\"logo\":{\"@type\":\"ImageObject\",\"inLanguage\":\"es\",\"@id\":\"http:\/\/test.mypanther.io\/#\/schema\/logo\/image\/\",\"url\":\"http:\/\/test.mypanther.io\/wp-content\/uploads\/2025\/10\/logo-h.svg\",\"contentUrl\":\"http:\/\/test.mypanther.io\/wp-content\/uploads\/2025\/10\/logo-h.svg\",\"width\":194,\"height\":82,\"caption\":\"Panther Wallet\"},\"image\":{\"@id\":\"http:\/\/test.mypanther.io\/#\/schema\/logo\/image\/\"}}]}<\/script>\n<!-- \/ Yoast SEO Premium plugin. -->","yoast_head_json":{"title":"Estructura Corporativa - Panther Wallet","robots":{"index":"index","follow":"follow","max-snippet":"max-snippet:-1","max-image-preview":"max-image-preview:large","max-video-preview":"max-video-preview:-1"},"canonical":"http:\/\/test.mypanther.io\/es\/estructura-corporativa\/","og_locale":"es_ES","og_type":"article","og_title":"Estructura Corporativa","og_description":"INGRESAR REGISTRARSE Estructura Corporativa Visi\u00f3n General Panther opera como un ecosistema tecnol\u00f3gico global enfocado en soluciones de activos digitales, pagos y servicios Web3. La estructura corporativa ha sido dise\u00f1ada bajo un modelo modular y basado en riesgo que permite separar funciones operativas, tecnol\u00f3gicas y de cumplimiento entre distintas entidades del grupo, as\u00ed como proveedores especializados [&hellip;]","og_url":"http:\/\/test.mypanther.io\/es\/estructura-corporativa\/","og_site_name":"Panther Wallet","article_modified_time":"2026-04-14T16:21:39+00:00","twitter_card":"summary_large_image","twitter_misc":{"Tiempo de lectura":"4 minutos"},"schema":{"@context":"https:\/\/schema.org","@graph":[{"@type":"WebPage","@id":"http:\/\/test.mypanther.io\/estructura-corporativa\/","url":"http:\/\/test.mypanther.io\/estructura-corporativa\/","name":"Estructura Corporativa - Panther Wallet","isPartOf":{"@id":"http:\/\/test.mypanther.io\/#website"},"datePublished":"2026-03-02T17:05:17+00:00","dateModified":"2026-04-14T16:21:39+00:00","breadcrumb":{"@id":"http:\/\/test.mypanther.io\/estructura-corporativa\/#breadcrumb"},"inLanguage":"es","potentialAction":[{"@type":"ReadAction","target":["http:\/\/test.mypanther.io\/estructura-corporativa\/"]}]},{"@type":"BreadcrumbList","@id":"http:\/\/test.mypanther.io\/estructura-corporativa\/#breadcrumb","itemListElement":[{"@type":"ListItem","position":1,"name":"Portada","item":"http:\/\/test.mypanther.io\/"},{"@type":"ListItem","position":2,"name":"Estructura Corporativa"}]},{"@type":"WebSite","@id":"http:\/\/test.mypanther.io\/#website","url":"http:\/\/test.mypanther.io\/","name":"Panther Wallet","description":"Panther Wallet","publisher":{"@id":"http:\/\/test.mypanther.io\/#organization"},"potentialAction":[{"@type":"SearchAction","target":{"@type":"EntryPoint","urlTemplate":"http:\/\/test.mypanther.io\/?s={search_term_string}"},"query-input":{"@type":"PropertyValueSpecification","valueRequired":true,"valueName":"search_term_string"}}],"inLanguage":"es"},{"@type":"Organization","@id":"http:\/\/test.mypanther.io\/#organization","name":"Panther Wallet","url":"http:\/\/test.mypanther.io\/","logo":{"@type":"ImageObject","inLanguage":"es","@id":"http:\/\/test.mypanther.io\/#\/schema\/logo\/image\/","url":"http:\/\/test.mypanther.io\/wp-content\/uploads\/2025\/10\/logo-h.svg","contentUrl":"http:\/\/test.mypanther.io\/wp-content\/uploads\/2025\/10\/logo-h.svg","width":194,"height":82,"caption":"Panther Wallet"},"image":{"@id":"http:\/\/test.mypanther.io\/#\/schema\/logo\/image\/"}}]}},"_links":{"self":[{"href":"http:\/\/test.mypanther.io\/es\/wp-json\/wp\/v2\/pages\/2442","targetHints":{"allow":["GET"]}}],"collection":[{"href":"http:\/\/test.mypanther.io\/es\/wp-json\/wp\/v2\/pages"}],"about":[{"href":"http:\/\/test.mypanther.io\/es\/wp-json\/wp\/v2\/types\/page"}],"author":[{"embeddable":true,"href":"http:\/\/test.mypanther.io\/es\/wp-json\/wp\/v2\/users\/1"}],"replies":[{"embeddable":true,"href":"http:\/\/test.mypanther.io\/es\/wp-json\/wp\/v2\/comments?post=2442"}],"version-history":[{"count":28,"href":"http:\/\/test.mypanther.io\/es\/wp-json\/wp\/v2\/pages\/2442\/revisions"}],"predecessor-version":[{"id":3213,"href":"http:\/\/test.mypanther.io\/es\/wp-json\/wp\/v2\/pages\/2442\/revisions\/3213"}],"wp:attachment":[{"href":"http:\/\/test.mypanther.io\/es\/wp-json\/wp\/v2\/media?parent=2442"}],"curies":[{"name":"wp","href":"https:\/\/api.w.org\/{rel}","templated":true}]}}