{"id":2415,"date":"2026-03-02T16:19:56","date_gmt":"2026-03-02T16:19:56","guid":{"rendered":"http:\/\/test.mypanther.io\/?page_id=2415"},"modified":"2026-04-14T16:21:13","modified_gmt":"2026-04-14T16:21:13","slug":"acerca-de-panther","status":"publish","type":"page","link":"http:\/\/test.mypanther.io\/es\/acerca-de-panther\/","title":{"rendered":"Acerca de Panther"},"content":{"rendered":"\t\t<div data-elementor-type=\"wp-page\" data-elementor-id=\"2415\" class=\"elementor elementor-2415\" data-elementor-post-type=\"page\">\n\t\t\t\t<div class=\"elementor-element elementor-element-f1dcfcf e-flex e-con-boxed e-con e-parent\" data-id=\"f1dcfcf\" data-element_type=\"container\" data-e-type=\"container\" data-settings=\"{&quot;background_background&quot;:&quot;gradient&quot;}\">\n\t\t\t\t\t<div class=\"e-con-inner\">\n\t\t<div class=\"elementor-element elementor-element-82f120f e-con-full e-flex e-con e-child\" data-id=\"82f120f\" data-element_type=\"container\" data-e-type=\"container\" data-settings=\"{&quot;background_background&quot;:&quot;classic&quot;}\">\n\t\t<div class=\"elementor-element elementor-element-277bcb5 e-con-full e-flex e-con e-child\" data-id=\"277bcb5\" data-element_type=\"container\" data-e-type=\"container\">\n\t\t\t\t<div class=\"elementor-element elementor-element-36f133f elementor-widget elementor-widget-theme-site-logo elementor-widget-image\" data-id=\"36f133f\" data-element_type=\"widget\" data-e-type=\"widget\" data-widget_type=\"theme-site-logo.default\">\n\t\t\t\t\t\t\t\t\t\t\t<a href=\"http:\/\/test.mypanther.io\/es\">\n\t\t\t<img decoding=\"async\" width=\"194\" height=\"82\" src=\"http:\/\/test.mypanther.io\/wp-content\/uploads\/2025\/10\/logo-h.svg\" class=\"attachment-full size-full wp-image-1032\" alt=\"\" \/>\t\t\t\t<\/a>\n\t\t\t\t\t\t\t\t\t\t\t<\/div>\n\t\t\t\t<\/div>\n\t\t<div class=\"elementor-element elementor-element-c21dc2e e-con-full e-flex e-con e-child\" data-id=\"c21dc2e\" data-element_type=\"container\" data-e-type=\"container\">\n\t\t\t\t<div class=\"elementor-element elementor-element-92c88b0 elementor-nav-menu__align-end elementor-nav-menu--stretch elementor-nav-menu--dropdown-tablet elementor-nav-menu__text-align-aside elementor-nav-menu--toggle elementor-nav-menu--burger elementor-widget elementor-widget-nav-menu\" data-id=\"92c88b0\" data-element_type=\"widget\" data-e-type=\"widget\" data-settings=\"{&quot;full_width&quot;:&quot;stretch&quot;,&quot;layout&quot;:&quot;horizontal&quot;,&quot;submenu_icon&quot;:{&quot;value&quot;:&quot;&lt;svg aria-hidden=\\&quot;true\\&quot; class=\\&quot;e-font-icon-svg e-fas-caret-down\\&quot; viewBox=\\&quot;0 0 320 512\\&quot; xmlns=\\&quot;http:\\\/\\\/www.w3.org\\\/2000\\\/svg\\&quot;&gt;&lt;path d=\\&quot;M31.3 192h257.3c17.8 0 26.7 21.5 14.1 34.1L174.1 354.8c-7.8 7.8-20.5 7.8-28.3 0L17.2 226.1C4.6 213.5 13.5 192 31.3 192z\\&quot;&gt;&lt;\\\/path&gt;&lt;\\\/svg&gt;&quot;,&quot;library&quot;:&quot;fa-solid&quot;},&quot;toggle&quot;:&quot;burger&quot;}\" data-widget_type=\"nav-menu.default\">\n\t\t\t\t\t\t\t\t<nav aria-label=\"Menu\" class=\"elementor-nav-menu--main elementor-nav-menu__container elementor-nav-menu--layout-horizontal e--pointer-background e--animation-fade\">\n\t\t\t\t<ul id=\"menu-1-92c88b0\" class=\"elementor-nav-menu\"><li class=\"menu-item menu-item-type-post_type menu-item-object-page menu-item-home menu-item-3066\"><a href=\"http:\/\/test.mypanther.io\/es\/\" class=\"elementor-item\">Inicio<\/a><\/li>\n<li class=\"menu-item menu-item-type-post_type menu-item-object-page menu-item-3206\"><a href=\"http:\/\/test.mypanther.io\/es\/wallet\/\" class=\"elementor-item\">Wallet<\/a><\/li>\n<li class=\"menu-item menu-item-type-post_type menu-item-object-page menu-item-3123\"><a href=\"http:\/\/test.mypanther.io\/es\/panther-card\/\" class=\"elementor-item\">Panther Card<\/a><\/li>\n<li class=\"menu-item menu-item-type-post_type menu-item-object-page menu-item-3165\"><a href=\"http:\/\/test.mypanther.io\/es\/panther-business-2026\/\" class=\"elementor-item\">Panther Business<\/a><\/li>\n<li class=\"menu-item menu-item-type-post_type menu-item-object-page menu-item-3194\"><a href=\"http:\/\/test.mypanther.io\/es\/panther-token-pnt\/\" class=\"elementor-item\">Panther Token PNT<\/a><\/li>\n<\/ul>\t\t\t<\/nav>\n\t\t\t\t\t<div class=\"elementor-menu-toggle\" role=\"button\" tabindex=\"0\" aria-label=\"Alternar men\u00fa\" aria-expanded=\"false\">\n\t\t\t<svg aria-hidden=\"true\" role=\"presentation\" class=\"elementor-menu-toggle__icon--open e-font-icon-svg e-eicon-menu-bar\" viewBox=\"0 0 1000 1000\" xmlns=\"http:\/\/www.w3.org\/2000\/svg\"><path d=\"M104 333H896C929 333 958 304 958 271S929 208 896 208H104C71 208 42 237 42 271S71 333 104 333ZM104 583H896C929 583 958 554 958 521S929 458 896 458H104C71 458 42 487 42 521S71 583 104 583ZM104 833H896C929 833 958 804 958 771S929 708 896 708H104C71 708 42 737 42 771S71 833 104 833Z\"><\/path><\/svg><svg aria-hidden=\"true\" role=\"presentation\" class=\"elementor-menu-toggle__icon--close e-font-icon-svg e-eicon-close\" viewBox=\"0 0 1000 1000\" xmlns=\"http:\/\/www.w3.org\/2000\/svg\"><path d=\"M742 167L500 408 258 167C246 154 233 150 217 150 196 150 179 158 167 167 154 179 150 196 150 212 150 229 154 242 171 254L408 500 167 742C138 771 138 800 167 829 196 858 225 858 254 829L496 587 738 829C750 842 767 846 783 846 800 846 817 842 829 829 842 817 846 804 846 783 846 767 842 750 829 737L588 500 833 258C863 229 863 200 833 171 804 137 775 137 742 167Z\"><\/path><\/svg>\t\t<\/div>\n\t\t\t\t\t<nav class=\"elementor-nav-menu--dropdown elementor-nav-menu__container\" aria-hidden=\"true\">\n\t\t\t\t<ul id=\"menu-2-92c88b0\" class=\"elementor-nav-menu\"><li class=\"menu-item menu-item-type-post_type menu-item-object-page menu-item-home menu-item-3066\"><a href=\"http:\/\/test.mypanther.io\/es\/\" class=\"elementor-item\" tabindex=\"-1\">Inicio<\/a><\/li>\n<li class=\"menu-item menu-item-type-post_type menu-item-object-page menu-item-3206\"><a href=\"http:\/\/test.mypanther.io\/es\/wallet\/\" class=\"elementor-item\" tabindex=\"-1\">Wallet<\/a><\/li>\n<li class=\"menu-item menu-item-type-post_type menu-item-object-page menu-item-3123\"><a href=\"http:\/\/test.mypanther.io\/es\/panther-card\/\" class=\"elementor-item\" tabindex=\"-1\">Panther Card<\/a><\/li>\n<li class=\"menu-item menu-item-type-post_type menu-item-object-page menu-item-3165\"><a href=\"http:\/\/test.mypanther.io\/es\/panther-business-2026\/\" class=\"elementor-item\" tabindex=\"-1\">Panther Business<\/a><\/li>\n<li class=\"menu-item menu-item-type-post_type menu-item-object-page menu-item-3194\"><a href=\"http:\/\/test.mypanther.io\/es\/panther-token-pnt\/\" class=\"elementor-item\" tabindex=\"-1\">Panther Token PNT<\/a><\/li>\n<\/ul>\t\t\t<\/nav>\n\t\t\t\t\t\t<\/div>\n\t\t\t\t<\/div>\n\t\t<div class=\"elementor-element elementor-element-41dd019 e-con-full e-flex e-con e-child\" data-id=\"41dd019\" data-element_type=\"container\" data-e-type=\"container\">\n\t\t<div class=\"elementor-element elementor-element-32aa9e6 e-grid e-con-full e-con e-child\" data-id=\"32aa9e6\" data-element_type=\"container\" data-e-type=\"container\">\n\t\t\t\t<div class=\"elementor-element elementor-element-caa35fd elementor-mobile-align-center elementor-align-center elementor-widget elementor-widget-button\" data-id=\"caa35fd\" data-element_type=\"widget\" data-e-type=\"widget\" data-widget_type=\"button.default\">\n\t\t\t\t\t\t\t\t\t\t<a class=\"elementor-button elementor-button-link elementor-size-sm\" href=\"https:\/\/app.mypanther.io\/login\">\n\t\t\t\t\t\t<span class=\"elementor-button-content-wrapper\">\n\t\t\t\t\t\t\t\t\t<span class=\"elementor-button-text\">INGRESAR<\/span>\n\t\t\t\t\t<\/span>\n\t\t\t\t\t<\/a>\n\t\t\t\t\t\t\t\t<\/div>\n\t\t\t\t<div class=\"elementor-element elementor-element-d47aaa5 elementor-mobile-align-center elementor-align-center elementor-widget elementor-widget-button\" data-id=\"d47aaa5\" data-element_type=\"widget\" data-e-type=\"widget\" data-widget_type=\"button.default\">\n\t\t\t\t\t\t\t\t\t\t<a class=\"elementor-button elementor-button-link elementor-size-sm\" href=\"https:\/\/app.mypanther.io\/sign-up\">\n\t\t\t\t\t\t<span class=\"elementor-button-content-wrapper\">\n\t\t\t\t\t\t\t\t\t<span class=\"elementor-button-text\">REGISTRARSE<\/span>\n\t\t\t\t\t<\/span>\n\t\t\t\t\t<\/a>\n\t\t\t\t\t\t\t\t<\/div>\n\t\t\t\t<div class=\"elementor-element elementor-element-f9a490c elementor-mobile-align-center elementor-align-center elementor-widget elementor-widget-button\" data-id=\"f9a490c\" data-element_type=\"widget\" data-e-type=\"widget\" data-widget_type=\"button.default\">\n\t\t\t\t\t\t\t\t\t\t<a class=\"elementor-button elementor-button-link elementor-size-sm\" href=\"https:\/\/panther-refs.onelink.me\/RzBi\">\n\t\t\t\t\t\t<span class=\"elementor-button-content-wrapper\">\n\t\t\t\t\t\t<span class=\"elementor-button-icon\">\n\t\t\t\t<svg aria-hidden=\"true\" class=\"e-font-icon-svg e-fas-download\" viewBox=\"0 0 512 512\" xmlns=\"http:\/\/www.w3.org\/2000\/svg\"><path d=\"M216 0h80c13.3 0 24 10.7 24 24v168h87.7c17.8 0 26.7 21.5 14.1 34.1L269.7 378.3c-7.5 7.5-19.8 7.5-27.3 0L90.1 226.1c-12.6-12.6-3.7-34.1 14.1-34.1H192V24c0-13.3 10.7-24 24-24zm296 376v112c0 13.3-10.7 24-24 24H24c-13.3 0-24-10.7-24-24V376c0-13.3 10.7-24 24-24h146.7l49 49c20.1 20.1 52.5 20.1 72.6 0l49-49H488c13.3 0 24 10.7 24 24zm-124 88c0-11-9-20-20-20s-20 9-20 20 9 20 20 20 20-9 20-20zm64 0c0-11-9-20-20-20s-20 9-20 20 9 20 20 20 20-9 20-20z\"><\/path><\/svg>\t\t\t<\/span>\n\t\t\t\t\t\t\t\t<\/span>\n\t\t\t\t\t<\/a>\n\t\t\t\t\t\t\t\t<\/div>\n\t\t\t\t<\/div>\n\t\t\t\t<\/div>\n\t\t\t\t<\/div>\n\t\t\t\t\t<\/div>\n\t\t\t\t<\/div>\n\t\t<div class=\"elementor-element elementor-element-12fbabf e-flex e-con-boxed e-con e-parent\" data-id=\"12fbabf\" data-element_type=\"container\" data-e-type=\"container\">\n\t\t\t\t\t<div class=\"e-con-inner\">\n\t\t\t\t<div class=\"elementor-element elementor-element-1183c2f elementor-widget elementor-widget-heading\" data-id=\"1183c2f\" data-element_type=\"widget\" data-e-type=\"widget\" data-widget_type=\"heading.default\">\n\t\t\t\t\t<h2 class=\"elementor-heading-title elementor-size-default\">ACERCA DE PANTHER<\/h2>\t\t\t\t<\/div>\n\t\t<div class=\"elementor-element elementor-element-9253844 e-con-full e-flex e-con e-child\" data-id=\"9253844\" data-element_type=\"container\" data-e-type=\"container\">\n\t\t\t\t<div class=\"elementor-element elementor-element-3ab9275 legales elementor-widget elementor-widget-text-editor\" data-id=\"3ab9275\" data-element_type=\"widget\" data-e-type=\"widget\" data-widget_type=\"text-editor.default\">\n\t\t\t\t\t\t\t\t\t<p><b>Panther<\/b>\u00a0es una plataforma global de infraestructura financiera digital dise\u00f1ada para facilitar el acceso seguro, eficiente y compliant al ecosistema de activos digitales y servicios Web3.<\/p><p>Nuestro objetivo es construir un puente confiable entre las finanzas tradicionales y la econom\u00eda descentralizada, proporcionando tecnolog\u00eda escalable, controles de riesgo avanzados y una experiencia de usuario de nivel institucional.<\/p><p>Panther desarrolla y opera soluciones que pueden incluir, seg\u00fan el servicio habilitado:<\/p><ul><li>Infraestructura de wallets digitales<\/li><li>Herramientas de pagos y transferencias<\/li><li>Integraciones Web3 y on-chain<\/li><li>Programas de recompensas y membres\u00edas<\/li><li>Soluciones para usuarios individuales y empresas<\/li><\/ul><p>La plataforma adopta un enfoque\u00a0<b>risk-based<\/b>, apoyado en anal\u00edtica blockchain, monitoreo transaccional y controles de cumplimiento alineados con est\u00e1ndares internacionales.<\/p><p>Panther contin\u00faa expandiendo su ecosistema tecnol\u00f3gico con el objetivo de ofrecer soluciones seguras, escalables y preparadas para la evoluci\u00f3n del entorno regulatorio global.<\/p>\t\t\t\t\t\t\t\t<\/div>\n\t\t\t\t<\/div>\n\t\t\t\t\t<\/div>\n\t\t\t\t<\/div>\n\t\t\t\t<\/div>\n\t\t","protected":false},"excerpt":{"rendered":"<p>INGRESAR REGISTRARSE ACERCA DE PANTHER Panther\u00a0es una plataforma global de infraestructura financiera digital dise\u00f1ada para facilitar el acceso seguro, eficiente y compliant al ecosistema de activos digitales y servicios Web3. Nuestro objetivo es construir un puente confiable entre las finanzas tradicionales y la econom\u00eda descentralizada, proporcionando tecnolog\u00eda escalable, controles de riesgo avanzados y una experiencia [&hellip;]<\/p>\n","protected":false},"author":1,"featured_media":0,"parent":0,"menu_order":0,"comment_status":"closed","ping_status":"closed","template":"elementor_header_footer","meta":{"googlesitekit_rrm_CAowjYbfCw:productID":"","_angie_page":false,"footnotes":""},"class_list":["post-2415","page","type-page","status-publish","hentry"],"yoast_head":"<!-- This site is optimized with the Yoast SEO Premium plugin v26.2 (Yoast SEO v27.2) - https:\/\/yoast.com\/product\/yoast-seo-premium-wordpress\/ -->\n<title>Acerca de Panther - Panther Wallet<\/title>\n<meta name=\"robots\" content=\"index, follow, max-snippet:-1, max-image-preview:large, max-video-preview:-1\" \/>\n<link rel=\"canonical\" href=\"http:\/\/test.mypanther.io\/es\/acerca-de-panther\/\" \/>\n<meta property=\"og:locale\" content=\"es_ES\" \/>\n<meta property=\"og:type\" content=\"article\" \/>\n<meta property=\"og:title\" content=\"Acerca de Panther\" \/>\n<meta property=\"og:description\" content=\"INGRESAR REGISTRARSE ACERCA DE PANTHER Panther\u00a0es una plataforma global de infraestructura financiera digital dise\u00f1ada para facilitar el acceso seguro, eficiente y compliant al ecosistema de activos digitales y servicios Web3. Nuestro objetivo es construir un puente confiable entre las finanzas tradicionales y la econom\u00eda descentralizada, proporcionando tecnolog\u00eda escalable, controles de riesgo avanzados y una experiencia [&hellip;]\" \/>\n<meta property=\"og:url\" content=\"http:\/\/test.mypanther.io\/es\/acerca-de-panther\/\" \/>\n<meta property=\"og:site_name\" content=\"Panther Wallet\" \/>\n<meta property=\"article:modified_time\" content=\"2026-04-14T16:21:13+00:00\" \/>\n<meta name=\"twitter:card\" content=\"summary_large_image\" \/>\n<meta name=\"twitter:label1\" content=\"Tiempo de lectura\" \/>\n\t<meta name=\"twitter:data1\" content=\"1 minuto\" \/>\n<script type=\"application\/ld+json\" class=\"yoast-schema-graph\">{\"@context\":\"https:\/\/schema.org\",\"@graph\":[{\"@type\":\"WebPage\",\"@id\":\"http:\/\/test.mypanther.io\/acerca-de-panther\/\",\"url\":\"http:\/\/test.mypanther.io\/acerca-de-panther\/\",\"name\":\"Acerca de Panther - Panther Wallet\",\"isPartOf\":{\"@id\":\"http:\/\/test.mypanther.io\/#website\"},\"datePublished\":\"2026-03-02T16:19:56+00:00\",\"dateModified\":\"2026-04-14T16:21:13+00:00\",\"breadcrumb\":{\"@id\":\"http:\/\/test.mypanther.io\/acerca-de-panther\/#breadcrumb\"},\"inLanguage\":\"es\",\"potentialAction\":[{\"@type\":\"ReadAction\",\"target\":[\"http:\/\/test.mypanther.io\/acerca-de-panther\/\"]}]},{\"@type\":\"BreadcrumbList\",\"@id\":\"http:\/\/test.mypanther.io\/acerca-de-panther\/#breadcrumb\",\"itemListElement\":[{\"@type\":\"ListItem\",\"position\":1,\"name\":\"Portada\",\"item\":\"http:\/\/test.mypanther.io\/\"},{\"@type\":\"ListItem\",\"position\":2,\"name\":\"Acerca de Panther\"}]},{\"@type\":\"WebSite\",\"@id\":\"http:\/\/test.mypanther.io\/#website\",\"url\":\"http:\/\/test.mypanther.io\/\",\"name\":\"Panther Wallet\",\"description\":\"Panther Wallet\",\"publisher\":{\"@id\":\"http:\/\/test.mypanther.io\/#organization\"},\"potentialAction\":[{\"@type\":\"SearchAction\",\"target\":{\"@type\":\"EntryPoint\",\"urlTemplate\":\"http:\/\/test.mypanther.io\/?s={search_term_string}\"},\"query-input\":{\"@type\":\"PropertyValueSpecification\",\"valueRequired\":true,\"valueName\":\"search_term_string\"}}],\"inLanguage\":\"es\"},{\"@type\":\"Organization\",\"@id\":\"http:\/\/test.mypanther.io\/#organization\",\"name\":\"Panther Wallet\",\"url\":\"http:\/\/test.mypanther.io\/\",\"logo\":{\"@type\":\"ImageObject\",\"inLanguage\":\"es\",\"@id\":\"http:\/\/test.mypanther.io\/#\/schema\/logo\/image\/\",\"url\":\"http:\/\/test.mypanther.io\/wp-content\/uploads\/2025\/10\/logo-h.svg\",\"contentUrl\":\"http:\/\/test.mypanther.io\/wp-content\/uploads\/2025\/10\/logo-h.svg\",\"width\":194,\"height\":82,\"caption\":\"Panther Wallet\"},\"image\":{\"@id\":\"http:\/\/test.mypanther.io\/#\/schema\/logo\/image\/\"}}]}<\/script>\n<!-- \/ Yoast SEO Premium plugin. -->","yoast_head_json":{"title":"Acerca de Panther - Panther Wallet","robots":{"index":"index","follow":"follow","max-snippet":"max-snippet:-1","max-image-preview":"max-image-preview:large","max-video-preview":"max-video-preview:-1"},"canonical":"http:\/\/test.mypanther.io\/es\/acerca-de-panther\/","og_locale":"es_ES","og_type":"article","og_title":"Acerca de Panther","og_description":"INGRESAR REGISTRARSE ACERCA DE PANTHER Panther\u00a0es una plataforma global de infraestructura financiera digital dise\u00f1ada para facilitar el acceso seguro, eficiente y compliant al ecosistema de activos digitales y servicios Web3. Nuestro objetivo es construir un puente confiable entre las finanzas tradicionales y la econom\u00eda descentralizada, proporcionando tecnolog\u00eda escalable, controles de riesgo avanzados y una experiencia [&hellip;]","og_url":"http:\/\/test.mypanther.io\/es\/acerca-de-panther\/","og_site_name":"Panther Wallet","article_modified_time":"2026-04-14T16:21:13+00:00","twitter_card":"summary_large_image","twitter_misc":{"Tiempo de lectura":"1 minuto"},"schema":{"@context":"https:\/\/schema.org","@graph":[{"@type":"WebPage","@id":"http:\/\/test.mypanther.io\/acerca-de-panther\/","url":"http:\/\/test.mypanther.io\/acerca-de-panther\/","name":"Acerca de Panther - Panther Wallet","isPartOf":{"@id":"http:\/\/test.mypanther.io\/#website"},"datePublished":"2026-03-02T16:19:56+00:00","dateModified":"2026-04-14T16:21:13+00:00","breadcrumb":{"@id":"http:\/\/test.mypanther.io\/acerca-de-panther\/#breadcrumb"},"inLanguage":"es","potentialAction":[{"@type":"ReadAction","target":["http:\/\/test.mypanther.io\/acerca-de-panther\/"]}]},{"@type":"BreadcrumbList","@id":"http:\/\/test.mypanther.io\/acerca-de-panther\/#breadcrumb","itemListElement":[{"@type":"ListItem","position":1,"name":"Portada","item":"http:\/\/test.mypanther.io\/"},{"@type":"ListItem","position":2,"name":"Acerca de Panther"}]},{"@type":"WebSite","@id":"http:\/\/test.mypanther.io\/#website","url":"http:\/\/test.mypanther.io\/","name":"Panther Wallet","description":"Panther Wallet","publisher":{"@id":"http:\/\/test.mypanther.io\/#organization"},"potentialAction":[{"@type":"SearchAction","target":{"@type":"EntryPoint","urlTemplate":"http:\/\/test.mypanther.io\/?s={search_term_string}"},"query-input":{"@type":"PropertyValueSpecification","valueRequired":true,"valueName":"search_term_string"}}],"inLanguage":"es"},{"@type":"Organization","@id":"http:\/\/test.mypanther.io\/#organization","name":"Panther Wallet","url":"http:\/\/test.mypanther.io\/","logo":{"@type":"ImageObject","inLanguage":"es","@id":"http:\/\/test.mypanther.io\/#\/schema\/logo\/image\/","url":"http:\/\/test.mypanther.io\/wp-content\/uploads\/2025\/10\/logo-h.svg","contentUrl":"http:\/\/test.mypanther.io\/wp-content\/uploads\/2025\/10\/logo-h.svg","width":194,"height":82,"caption":"Panther Wallet"},"image":{"@id":"http:\/\/test.mypanther.io\/#\/schema\/logo\/image\/"}}]}},"_links":{"self":[{"href":"http:\/\/test.mypanther.io\/es\/wp-json\/wp\/v2\/pages\/2415","targetHints":{"allow":["GET"]}}],"collection":[{"href":"http:\/\/test.mypanther.io\/es\/wp-json\/wp\/v2\/pages"}],"about":[{"href":"http:\/\/test.mypanther.io\/es\/wp-json\/wp\/v2\/types\/page"}],"author":[{"embeddable":true,"href":"http:\/\/test.mypanther.io\/es\/wp-json\/wp\/v2\/users\/1"}],"replies":[{"embeddable":true,"href":"http:\/\/test.mypanther.io\/es\/wp-json\/wp\/v2\/comments?post=2415"}],"version-history":[{"count":14,"href":"http:\/\/test.mypanther.io\/es\/wp-json\/wp\/v2\/pages\/2415\/revisions"}],"predecessor-version":[{"id":3210,"href":"http:\/\/test.mypanther.io\/es\/wp-json\/wp\/v2\/pages\/2415\/revisions\/3210"}],"wp:attachment":[{"href":"http:\/\/test.mypanther.io\/es\/wp-json\/wp\/v2\/media?parent=2415"}],"curies":[{"name":"wp","href":"https:\/\/api.w.org\/{rel}","templated":true}]}}