{"id":2382,"date":"2026-03-02T14:27:28","date_gmt":"2026-03-02T14:27:28","guid":{"rendered":"http:\/\/test.mypanther.io\/?page_id=2382"},"modified":"2026-04-14T16:26:36","modified_gmt":"2026-04-14T16:26:36","slug":"politica-de-uso-aceptable","status":"publish","type":"page","link":"http:\/\/test.mypanther.io\/es\/politica-de-uso-aceptable\/","title":{"rendered":"Pol\u00edtica de Uso Aceptable"},"content":{"rendered":"\t\t<div data-elementor-type=\"wp-page\" data-elementor-id=\"2382\" class=\"elementor elementor-2382\" data-elementor-post-type=\"page\">\n\t\t\t\t<div class=\"elementor-element elementor-element-3bf3293 e-flex e-con-boxed e-con e-parent\" data-id=\"3bf3293\" data-element_type=\"container\" data-e-type=\"container\" data-settings=\"{&quot;background_background&quot;:&quot;gradient&quot;}\">\n\t\t\t\t\t<div class=\"e-con-inner\">\n\t\t<div class=\"elementor-element elementor-element-2aea416 e-con-full e-flex e-con e-child\" data-id=\"2aea416\" data-element_type=\"container\" data-e-type=\"container\" data-settings=\"{&quot;background_background&quot;:&quot;classic&quot;}\">\n\t\t<div class=\"elementor-element elementor-element-79c2506 e-con-full e-flex e-con e-child\" data-id=\"79c2506\" data-element_type=\"container\" data-e-type=\"container\">\n\t\t\t\t<div class=\"elementor-element elementor-element-999788a elementor-widget elementor-widget-theme-site-logo elementor-widget-image\" data-id=\"999788a\" data-element_type=\"widget\" data-e-type=\"widget\" data-widget_type=\"theme-site-logo.default\">\n\t\t\t\t\t\t\t\t\t\t\t<a href=\"http:\/\/test.mypanther.io\/es\">\n\t\t\t<img decoding=\"async\" width=\"194\" height=\"82\" src=\"http:\/\/test.mypanther.io\/wp-content\/uploads\/2025\/10\/logo-h.svg\" class=\"attachment-full size-full wp-image-1032\" alt=\"\" \/>\t\t\t\t<\/a>\n\t\t\t\t\t\t\t\t\t\t\t<\/div>\n\t\t\t\t<\/div>\n\t\t<div class=\"elementor-element elementor-element-ace4641 e-con-full e-flex e-con e-child\" data-id=\"ace4641\" data-element_type=\"container\" data-e-type=\"container\">\n\t\t\t\t<div class=\"elementor-element elementor-element-65d7055 elementor-nav-menu__align-end elementor-nav-menu--stretch elementor-nav-menu--dropdown-tablet elementor-nav-menu__text-align-aside elementor-nav-menu--toggle elementor-nav-menu--burger elementor-widget elementor-widget-nav-menu\" data-id=\"65d7055\" data-element_type=\"widget\" data-e-type=\"widget\" data-settings=\"{&quot;full_width&quot;:&quot;stretch&quot;,&quot;layout&quot;:&quot;horizontal&quot;,&quot;submenu_icon&quot;:{&quot;value&quot;:&quot;&lt;svg aria-hidden=\\&quot;true\\&quot; class=\\&quot;e-font-icon-svg e-fas-caret-down\\&quot; viewBox=\\&quot;0 0 320 512\\&quot; xmlns=\\&quot;http:\\\/\\\/www.w3.org\\\/2000\\\/svg\\&quot;&gt;&lt;path d=\\&quot;M31.3 192h257.3c17.8 0 26.7 21.5 14.1 34.1L174.1 354.8c-7.8 7.8-20.5 7.8-28.3 0L17.2 226.1C4.6 213.5 13.5 192 31.3 192z\\&quot;&gt;&lt;\\\/path&gt;&lt;\\\/svg&gt;&quot;,&quot;library&quot;:&quot;fa-solid&quot;},&quot;toggle&quot;:&quot;burger&quot;}\" data-widget_type=\"nav-menu.default\">\n\t\t\t\t\t\t\t\t<nav aria-label=\"Menu\" class=\"elementor-nav-menu--main elementor-nav-menu__container elementor-nav-menu--layout-horizontal e--pointer-background e--animation-fade\">\n\t\t\t\t<ul id=\"menu-1-65d7055\" class=\"elementor-nav-menu\"><li class=\"menu-item menu-item-type-post_type menu-item-object-page menu-item-home menu-item-3066\"><a href=\"http:\/\/test.mypanther.io\/es\/\" class=\"elementor-item\">Inicio<\/a><\/li>\n<li class=\"menu-item menu-item-type-post_type menu-item-object-page menu-item-3206\"><a href=\"http:\/\/test.mypanther.io\/es\/wallet\/\" class=\"elementor-item\">Wallet<\/a><\/li>\n<li class=\"menu-item menu-item-type-post_type menu-item-object-page menu-item-3123\"><a href=\"http:\/\/test.mypanther.io\/es\/panther-card\/\" class=\"elementor-item\">Panther Card<\/a><\/li>\n<li class=\"menu-item menu-item-type-post_type menu-item-object-page menu-item-3165\"><a href=\"http:\/\/test.mypanther.io\/es\/panther-business-2026\/\" class=\"elementor-item\">Panther Business<\/a><\/li>\n<li class=\"menu-item menu-item-type-post_type menu-item-object-page menu-item-3194\"><a href=\"http:\/\/test.mypanther.io\/es\/panther-token-pnt\/\" class=\"elementor-item\">Panther Token PNT<\/a><\/li>\n<\/ul>\t\t\t<\/nav>\n\t\t\t\t\t<div class=\"elementor-menu-toggle\" role=\"button\" tabindex=\"0\" aria-label=\"Alternar men\u00fa\" aria-expanded=\"false\">\n\t\t\t<svg aria-hidden=\"true\" role=\"presentation\" class=\"elementor-menu-toggle__icon--open e-font-icon-svg e-eicon-menu-bar\" viewBox=\"0 0 1000 1000\" xmlns=\"http:\/\/www.w3.org\/2000\/svg\"><path d=\"M104 333H896C929 333 958 304 958 271S929 208 896 208H104C71 208 42 237 42 271S71 333 104 333ZM104 583H896C929 583 958 554 958 521S929 458 896 458H104C71 458 42 487 42 521S71 583 104 583ZM104 833H896C929 833 958 804 958 771S929 708 896 708H104C71 708 42 737 42 771S71 833 104 833Z\"><\/path><\/svg><svg aria-hidden=\"true\" role=\"presentation\" class=\"elementor-menu-toggle__icon--close e-font-icon-svg e-eicon-close\" viewBox=\"0 0 1000 1000\" xmlns=\"http:\/\/www.w3.org\/2000\/svg\"><path d=\"M742 167L500 408 258 167C246 154 233 150 217 150 196 150 179 158 167 167 154 179 150 196 150 212 150 229 154 242 171 254L408 500 167 742C138 771 138 800 167 829 196 858 225 858 254 829L496 587 738 829C750 842 767 846 783 846 800 846 817 842 829 829 842 817 846 804 846 783 846 767 842 750 829 737L588 500 833 258C863 229 863 200 833 171 804 137 775 137 742 167Z\"><\/path><\/svg>\t\t<\/div>\n\t\t\t\t\t<nav class=\"elementor-nav-menu--dropdown elementor-nav-menu__container\" aria-hidden=\"true\">\n\t\t\t\t<ul id=\"menu-2-65d7055\" class=\"elementor-nav-menu\"><li class=\"menu-item menu-item-type-post_type menu-item-object-page menu-item-home menu-item-3066\"><a href=\"http:\/\/test.mypanther.io\/es\/\" class=\"elementor-item\" tabindex=\"-1\">Inicio<\/a><\/li>\n<li class=\"menu-item menu-item-type-post_type menu-item-object-page menu-item-3206\"><a href=\"http:\/\/test.mypanther.io\/es\/wallet\/\" class=\"elementor-item\" tabindex=\"-1\">Wallet<\/a><\/li>\n<li class=\"menu-item menu-item-type-post_type menu-item-object-page menu-item-3123\"><a href=\"http:\/\/test.mypanther.io\/es\/panther-card\/\" class=\"elementor-item\" tabindex=\"-1\">Panther Card<\/a><\/li>\n<li class=\"menu-item menu-item-type-post_type menu-item-object-page menu-item-3165\"><a href=\"http:\/\/test.mypanther.io\/es\/panther-business-2026\/\" class=\"elementor-item\" tabindex=\"-1\">Panther Business<\/a><\/li>\n<li class=\"menu-item menu-item-type-post_type menu-item-object-page menu-item-3194\"><a href=\"http:\/\/test.mypanther.io\/es\/panther-token-pnt\/\" class=\"elementor-item\" tabindex=\"-1\">Panther Token PNT<\/a><\/li>\n<\/ul>\t\t\t<\/nav>\n\t\t\t\t\t\t<\/div>\n\t\t\t\t<\/div>\n\t\t<div class=\"elementor-element elementor-element-a10c78e e-con-full e-flex e-con e-child\" data-id=\"a10c78e\" data-element_type=\"container\" data-e-type=\"container\">\n\t\t<div class=\"elementor-element elementor-element-cd10d0b e-grid e-con-full e-con e-child\" data-id=\"cd10d0b\" data-element_type=\"container\" data-e-type=\"container\">\n\t\t\t\t<div class=\"elementor-element elementor-element-a05cf3a elementor-mobile-align-center elementor-align-center elementor-widget elementor-widget-button\" data-id=\"a05cf3a\" data-element_type=\"widget\" data-e-type=\"widget\" data-widget_type=\"button.default\">\n\t\t\t\t\t\t\t\t\t\t<a class=\"elementor-button elementor-button-link elementor-size-sm\" href=\"https:\/\/app.mypanther.io\/login\">\n\t\t\t\t\t\t<span class=\"elementor-button-content-wrapper\">\n\t\t\t\t\t\t\t\t\t<span class=\"elementor-button-text\">INGRESAR<\/span>\n\t\t\t\t\t<\/span>\n\t\t\t\t\t<\/a>\n\t\t\t\t\t\t\t\t<\/div>\n\t\t\t\t<div class=\"elementor-element elementor-element-35c44b2 elementor-mobile-align-center elementor-align-center elementor-widget elementor-widget-button\" data-id=\"35c44b2\" data-element_type=\"widget\" data-e-type=\"widget\" data-widget_type=\"button.default\">\n\t\t\t\t\t\t\t\t\t\t<a class=\"elementor-button elementor-button-link elementor-size-sm\" href=\"https:\/\/app.mypanther.io\/sign-up\">\n\t\t\t\t\t\t<span class=\"elementor-button-content-wrapper\">\n\t\t\t\t\t\t\t\t\t<span class=\"elementor-button-text\">REGISTRARSE<\/span>\n\t\t\t\t\t<\/span>\n\t\t\t\t\t<\/a>\n\t\t\t\t\t\t\t\t<\/div>\n\t\t\t\t<div class=\"elementor-element elementor-element-6f501fd elementor-mobile-align-center elementor-align-center elementor-widget elementor-widget-button\" data-id=\"6f501fd\" data-element_type=\"widget\" data-e-type=\"widget\" data-widget_type=\"button.default\">\n\t\t\t\t\t\t\t\t\t\t<a class=\"elementor-button elementor-button-link elementor-size-sm\" href=\"https:\/\/panther-refs.onelink.me\/RzBi\">\n\t\t\t\t\t\t<span class=\"elementor-button-content-wrapper\">\n\t\t\t\t\t\t<span class=\"elementor-button-icon\">\n\t\t\t\t<svg aria-hidden=\"true\" class=\"e-font-icon-svg e-fas-download\" viewBox=\"0 0 512 512\" xmlns=\"http:\/\/www.w3.org\/2000\/svg\"><path d=\"M216 0h80c13.3 0 24 10.7 24 24v168h87.7c17.8 0 26.7 21.5 14.1 34.1L269.7 378.3c-7.5 7.5-19.8 7.5-27.3 0L90.1 226.1c-12.6-12.6-3.7-34.1 14.1-34.1H192V24c0-13.3 10.7-24 24-24zm296 376v112c0 13.3-10.7 24-24 24H24c-13.3 0-24-10.7-24-24V376c0-13.3 10.7-24 24-24h146.7l49 49c20.1 20.1 52.5 20.1 72.6 0l49-49H488c13.3 0 24 10.7 24 24zm-124 88c0-11-9-20-20-20s-20 9-20 20 9 20 20 20 20-9 20-20zm64 0c0-11-9-20-20-20s-20 9-20 20 9 20 20 20 20-9 20-20z\"><\/path><\/svg>\t\t\t<\/span>\n\t\t\t\t\t\t\t\t<\/span>\n\t\t\t\t\t<\/a>\n\t\t\t\t\t\t\t\t<\/div>\n\t\t\t\t<\/div>\n\t\t\t\t<\/div>\n\t\t\t\t<\/div>\n\t\t\t\t\t<\/div>\n\t\t\t\t<\/div>\n\t\t<div class=\"elementor-element elementor-element-12fbabf e-flex e-con-boxed e-con e-parent\" data-id=\"12fbabf\" data-element_type=\"container\" data-e-type=\"container\">\n\t\t\t\t\t<div class=\"e-con-inner\">\n\t\t\t\t<div class=\"elementor-element elementor-element-1183c2f elementor-widget elementor-widget-heading\" data-id=\"1183c2f\" data-element_type=\"widget\" data-e-type=\"widget\" data-widget_type=\"heading.default\">\n\t\t\t\t\t<h2 class=\"elementor-heading-title elementor-size-default\">POL\u00cdTICA DE USO ACEPTABLE<\/h2>\t\t\t\t<\/div>\n\t\t\t\t<div class=\"elementor-element elementor-element-d85cfcb elementor-widget elementor-widget-text-editor\" data-id=\"d85cfcb\" data-element_type=\"widget\" data-e-type=\"widget\" data-widget_type=\"text-editor.default\">\n\t\t\t\t\t\t\t\t\t<p><strong>\u00daltima actualizaci\u00f3n:<\/strong> 1 de Marzo de 2026<\/p>\t\t\t\t\t\t\t\t<\/div>\n\t\t<div class=\"elementor-element elementor-element-9253844 e-con-full e-flex e-con e-child\" data-id=\"9253844\" data-element_type=\"container\" data-e-type=\"container\">\n\t\t\t\t<div class=\"elementor-element elementor-element-3ab9275 legales elementor-widget elementor-widget-text-editor\" data-id=\"3ab9275\" data-element_type=\"widget\" data-e-type=\"widget\" data-widget_type=\"text-editor.default\">\n\t\t\t\t\t\t\t\t\t<p><b>1. Objeto y Alcance<\/b><b><\/b><\/p><p>La presente Pol\u00edtica de Uso Aceptable (la \u201cPol\u00edtica\u201d) establece las reglas, restricciones y est\u00e1ndares de conducta aplicables al acceso y uso de la plataforma Panther (la \u201cPlataforma\u201d) y de todos los servicios, funcionalidades, aplicaciones, interfaces, APIs y herramientas asociadas (los \u201cServicios\u201d).<\/p><p>Esta Pol\u00edtica forma parte integral de los T\u00e9rminos y Condiciones de Panther y es de cumplimiento obligatorio para todos los usuarios, clientes, desarrolladores, socios y terceros que interact\u00faen con la Plataforma (el \u201cUsuario\u201d).<\/p><p>El incumplimiento de esta Pol\u00edtica podr\u00e1 dar lugar a medidas correctivas, restricciones operativas, suspensi\u00f3n o terminaci\u00f3n de la cuenta, sin perjuicio de otras acciones legales o regulatorias.<\/p><p><b>2. Principios Generales de Uso<\/b><b><\/b><\/p><p>El Usuario se compromete a utilizar la Plataforma de forma l\u00edcita, responsable, transparente y conforme a:<\/p><p>\u2022 la normativa aplicable en su jurisdicci\u00f3n<br \/>\u2022 los T\u00e9rminos y Condiciones de Panther<br \/>\u2022 la presente Pol\u00edtica<br \/>\u2022 y las buenas pr\u00e1cticas del ecosistema de activos digitales<\/p><p>El Usuario es el \u00fanico responsable de su conducta, operaciones y actividades realizadas a trav\u00e9s de la Plataforma.<\/p><p><b>3. Actividades Estrictamente Prohibidas<\/b><b><\/b><\/p><p>Queda estrictamente prohibido utilizar la Plataforma, directa o indirectamente, para participar, facilitar o promover actividades il\u00edcitas o indebidas, incluyendo, sin limitar:<\/p><p><b>3.1 Delitos financieros<\/b><br \/>\u2022 lavado de activos<br \/>\u2022 financiamiento del terrorismo<br \/>\u2022 evasi\u00f3n de sanciones internacionales<br \/>\u2022 fraude o estafa<br \/>\u2022 apropiaci\u00f3n indebida<br \/>\u2022 corrupci\u00f3n o soborno<br \/>\u2022 manipulaci\u00f3n de mercado<\/p><p><b>3.2 Uso indebido de identidad<\/b><br \/>\u2022 uso de identidades falsas<br \/>\u2022 suplantaci\u00f3n de terceros<br \/>\u2022 uso de cuentas de terceros sin autorizaci\u00f3n<br \/>\u2022 actuar como \u201cmoney mule\u201d<br \/>\u2022 ocultar beneficiarios finales reales<\/p><p><b>3.3 Abuso de la infraestructura<\/b><br \/>\u2022 intento de eludir controles AML\/KYC<br \/>\u2022 estructuraci\u00f3n artificial de transacciones<br \/>\u2022 uso de t\u00e9cnicas de ofuscaci\u00f3n il\u00edcita<br \/>\u2022 explotaci\u00f3n de vulnerabilidades de la Plataforma<br \/>\u2022 interferencia con sistemas de seguridad<br \/>\u2022 uso de bots maliciosos o automatizaci\u00f3n abusiva<\/p><p><b>3.4 Actividades tecnol\u00f3gicas maliciosas<\/b><br \/>\u2022 introducci\u00f3n de malware, virus o c\u00f3digo da\u00f1ino<br \/>\u2022 ataques de denegaci\u00f3n de servicio (DoS\/DDoS)<br \/>\u2022 escaneo no autorizado<br \/>\u2022 intrusi\u00f3n o hacking<br \/>\u2022 ingenier\u00eda inversa no autorizada<br \/>\u2022 manipulaci\u00f3n de APIs fuera de los l\u00edmites permitidos<\/p><p><b>3.5 Uso de servicios de alto riesgo il\u00edcito<\/b><b><\/b><\/p><p>El Usuario no deber\u00e1 utilizar la Plataforma en conexi\u00f3n con actividades que involucren, seg\u00fan evaluaci\u00f3n basada en riesgo de Panther:<\/p><p>\u2022 servicios de mezcla il\u00edcita (illicit mixers)<br \/>\u2022 mercados darknet<br \/>\u2022 esquemas de fraude o phishing<br \/>\u2022 ransomware<br \/>\u2022 financiamiento de actividades il\u00edcitas<br \/>\u2022 o cualquier actividad que Panther considere de riesgo elevado<\/p><p><b>4. Uso en Entornos No Custodiales y Web3<\/b><b><\/b><\/p><p>Cuando el Usuario interact\u00fae con funcionalidades no custodiales, integraciones Web3 o wallets externas, seguir\u00e1 siendo plenamente responsable de:<\/p><p>\u2022 la legitimidad de sus fondos<br \/>\u2022 la legalidad de sus interacciones on-chain<br \/>\u2022 la seguridad de sus claves<br \/>\u2022 y la verificaci\u00f3n de contrapartes<\/p><p>Panther podr\u00e1 aplicar controles de riesgo basados en an\u00e1lisis on-chain y restringir operaciones cuando detecte exposici\u00f3n a direcciones o actividades de alto riesgo.<\/p><p><b>5. Cumplimiento de Sanciones y Restricciones Geogr\u00e1ficas<\/b><\/p><p>El Usuario declara y garantiza que no se encuentra:<\/p><p>\u2022 sujeto a sanciones internacionales<br \/>\u2022 ubicado en jurisdicciones restringidas<br \/>\u2022 ni actuando en nombre de personas o entidades sancionadas<\/p><p>El Usuario se compromete a no utilizar la Plataforma para beneficiar directa o indirectamente a personas o entidades sujetas a sanciones. Panther se reserva el derecho de aplicar bloqueos geogr\u00e1ficos, restricciones de IP, verificaciones adicionales o limitaciones de servicio basadas en riesgo jurisdiccional.<\/p><p><b>6. Uso Comercial y de APIs<\/b><b><\/b><\/p><p>El uso de la Plataforma con fines comerciales, automatizados o mediante APIs deber\u00e1 cumplir con:<\/p><p>\u2022 los l\u00edmites t\u00e9cnicos establecidos<br \/>\u2022 las pol\u00edticas de uso justo<br \/>\u2022 las condiciones espec\u00edficas de desarrolladores<br \/>\u2022 y las restricciones de seguridad de Panther<\/p><p><b>Queda prohibido:<\/b><\/p><p>\u2022 revender el acceso sin autorizaci\u00f3n<br \/>\u2022 sobrecargar la infraestructura<br \/>\u2022 extraer datos masivamente sin permiso<br \/>\u2022 o utilizar la Plataforma de forma que degrade el servicio para otros usuarios<\/p><p>Panther podr\u00e1 limitar, suspender o revocar el acceso a APIs en cualquier momento por razones de seguridad, capacidad o cumplimiento.<\/p><p><b>7. Contenido y Comunicaciones del Usuario<\/b><b><\/b><\/p><p>Cuando el Usuario env\u00ede, publique o transmita informaci\u00f3n a trav\u00e9s de la Plataforma, garantiza que dicho contenido:<\/p><p>\u2022 es veraz y no enga\u00f1oso<br \/>\u2022 no infringe derechos de terceros<br \/>\u2022 no contiene material il\u00edcito<br \/>\u2022 no promueve fraude o actividades ilegales<br \/>\u2022 y cumple la normativa aplicable<\/p><p>Panther podr\u00e1 retirar, restringir o reportar contenido cuando lo considere razonablemente necesario para cumplir con sus obligaciones legales o de riesgo.<\/p><p><b>8. Facultades de Supervisi\u00f3n y Cumplimiento<\/b><b><\/b><\/p><p>Panther se reserva el derecho, en la m\u00e1xima medida permitida por la ley aplicable, de:<\/p><p>\u2022 monitorear el uso de la Plataforma<br \/>\u2022 investigar conductas sospechosas<br \/>\u2022 solicitar informaci\u00f3n adicional<br \/>\u2022 imponer restricciones operativas<br \/>\u2022 suspender o cerrar cuentas<br \/>\u2022 bloquear transacciones<br \/>\u2022 y reportar a autoridades competentes<\/p><p>La adopci\u00f3n de estas medidas podr\u00e1 realizarse de forma preventiva, automatizada o manual, conforme al marco de gesti\u00f3n de riesgos de Panther.<\/p><p><b>9. Consecuencias del Incumplimiento<\/b><b><\/b><\/p><p>El incumplimiento de esta Pol\u00edtica podr\u00e1 dar lugar, individual o cumulativamente, a:<\/p><p>\u2022 advertencias formales<br \/>\u2022 limitaciones funcionales<br \/>\u2022 suspensi\u00f3n temporal<br \/>\u2022 terminaci\u00f3n de la cuenta<br \/>\u2022 congelamiento de operaciones cuando proceda<br \/>\u2022 cancelaci\u00f3n de beneficios o rewards<br \/>\u2022 y reportes regulatorios cuando sea legalmente requerido<\/p><p>Panther ejercer\u00e1 estas facultades con base en un enfoque razonable y basado en riesgo.<\/p><p><b>10. Actualizaciones de la Pol\u00edtica<\/b><b><\/b><\/p><p>Panther podr\u00e1 modificar esta Pol\u00edtica de Uso Aceptable en cualquier momento para reflejar cambios regulatorios, tecnol\u00f3gicos, operativos o de riesgo.<\/p><p>La versi\u00f3n vigente ser\u00e1 la publicada en la Plataforma. El uso continuado de los Servicios tras la actualizaci\u00f3n constituir\u00e1 aceptaci\u00f3n de la versi\u00f3n modificada en la m\u00e1xima medida permitida por la ley aplicable.<\/p><p><b>11. Contacto de Cumplimiento<\/b><b><\/b><\/p><p>Las consultas relacionadas con esta Pol\u00edtica podr\u00e1n dirigirse a los canales oficiales de cumplimiento publicados en la Plataforma o al correo: compliance@test.mypanther.io.<\/p>\t\t\t\t\t\t\t\t<\/div>\n\t\t\t\t<\/div>\n\t\t\t\t\t<\/div>\n\t\t\t\t<\/div>\n\t\t\t\t<\/div>\n\t\t","protected":false},"excerpt":{"rendered":"<p>INGRESAR REGISTRARSE POL\u00cdTICA DE USO ACEPTABLE \u00daltima actualizaci\u00f3n: 1 de Marzo de 2026 1. Objeto y Alcance La presente Pol\u00edtica de Uso Aceptable (la \u201cPol\u00edtica\u201d) establece las reglas, restricciones y est\u00e1ndares de conducta aplicables al acceso y uso de la plataforma Panther (la \u201cPlataforma\u201d) y de todos los servicios, funcionalidades, aplicaciones, interfaces, APIs y herramientas [&hellip;]<\/p>\n","protected":false},"author":1,"featured_media":0,"parent":0,"menu_order":0,"comment_status":"closed","ping_status":"closed","template":"elementor_header_footer","meta":{"googlesitekit_rrm_CAowjYbfCw:productID":"","_angie_page":false,"footnotes":""},"class_list":["post-2382","page","type-page","status-publish","hentry"],"yoast_head":"<!-- This site is optimized with the Yoast SEO Premium plugin v26.2 (Yoast SEO v27.2) - https:\/\/yoast.com\/product\/yoast-seo-premium-wordpress\/ -->\n<title>Pol\u00edtica de Uso Aceptable - Panther Wallet<\/title>\n<meta name=\"robots\" content=\"index, follow, max-snippet:-1, max-image-preview:large, max-video-preview:-1\" \/>\n<link rel=\"canonical\" href=\"http:\/\/test.mypanther.io\/es\/politica-de-uso-aceptable\/\" \/>\n<meta property=\"og:locale\" content=\"es_ES\" \/>\n<meta property=\"og:type\" content=\"article\" \/>\n<meta property=\"og:title\" content=\"Pol\u00edtica de Uso Aceptable\" \/>\n<meta property=\"og:description\" content=\"INGRESAR REGISTRARSE POL\u00cdTICA DE USO ACEPTABLE \u00daltima actualizaci\u00f3n: 1 de Marzo de 2026 1. Objeto y Alcance La presente Pol\u00edtica de Uso Aceptable (la \u201cPol\u00edtica\u201d) establece las reglas, restricciones y est\u00e1ndares de conducta aplicables al acceso y uso de la plataforma Panther (la \u201cPlataforma\u201d) y de todos los servicios, funcionalidades, aplicaciones, interfaces, APIs y herramientas [&hellip;]\" \/>\n<meta property=\"og:url\" content=\"http:\/\/test.mypanther.io\/es\/politica-de-uso-aceptable\/\" \/>\n<meta property=\"og:site_name\" content=\"Panther Wallet\" \/>\n<meta property=\"article:modified_time\" content=\"2026-04-14T16:26:36+00:00\" \/>\n<meta name=\"twitter:card\" content=\"summary_large_image\" \/>\n<meta name=\"twitter:label1\" content=\"Tiempo de lectura\" \/>\n\t<meta name=\"twitter:data1\" content=\"5 minutos\" \/>\n<script type=\"application\/ld+json\" class=\"yoast-schema-graph\">{\"@context\":\"https:\/\/schema.org\",\"@graph\":[{\"@type\":\"WebPage\",\"@id\":\"http:\/\/test.mypanther.io\/politica-de-uso-aceptable\/\",\"url\":\"http:\/\/test.mypanther.io\/politica-de-uso-aceptable\/\",\"name\":\"Pol\u00edtica de Uso Aceptable - Panther Wallet\",\"isPartOf\":{\"@id\":\"http:\/\/test.mypanther.io\/#website\"},\"datePublished\":\"2026-03-02T14:27:28+00:00\",\"dateModified\":\"2026-04-14T16:26:36+00:00\",\"breadcrumb\":{\"@id\":\"http:\/\/test.mypanther.io\/politica-de-uso-aceptable\/#breadcrumb\"},\"inLanguage\":\"es\",\"potentialAction\":[{\"@type\":\"ReadAction\",\"target\":[\"http:\/\/test.mypanther.io\/politica-de-uso-aceptable\/\"]}]},{\"@type\":\"BreadcrumbList\",\"@id\":\"http:\/\/test.mypanther.io\/politica-de-uso-aceptable\/#breadcrumb\",\"itemListElement\":[{\"@type\":\"ListItem\",\"position\":1,\"name\":\"Portada\",\"item\":\"http:\/\/test.mypanther.io\/\"},{\"@type\":\"ListItem\",\"position\":2,\"name\":\"Pol\u00edtica de Uso Aceptable\"}]},{\"@type\":\"WebSite\",\"@id\":\"http:\/\/test.mypanther.io\/#website\",\"url\":\"http:\/\/test.mypanther.io\/\",\"name\":\"Panther Wallet\",\"description\":\"Panther Wallet\",\"publisher\":{\"@id\":\"http:\/\/test.mypanther.io\/#organization\"},\"potentialAction\":[{\"@type\":\"SearchAction\",\"target\":{\"@type\":\"EntryPoint\",\"urlTemplate\":\"http:\/\/test.mypanther.io\/?s={search_term_string}\"},\"query-input\":{\"@type\":\"PropertyValueSpecification\",\"valueRequired\":true,\"valueName\":\"search_term_string\"}}],\"inLanguage\":\"es\"},{\"@type\":\"Organization\",\"@id\":\"http:\/\/test.mypanther.io\/#organization\",\"name\":\"Panther Wallet\",\"url\":\"http:\/\/test.mypanther.io\/\",\"logo\":{\"@type\":\"ImageObject\",\"inLanguage\":\"es\",\"@id\":\"http:\/\/test.mypanther.io\/#\/schema\/logo\/image\/\",\"url\":\"http:\/\/test.mypanther.io\/wp-content\/uploads\/2025\/10\/logo-h.svg\",\"contentUrl\":\"http:\/\/test.mypanther.io\/wp-content\/uploads\/2025\/10\/logo-h.svg\",\"width\":194,\"height\":82,\"caption\":\"Panther Wallet\"},\"image\":{\"@id\":\"http:\/\/test.mypanther.io\/#\/schema\/logo\/image\/\"}}]}<\/script>\n<!-- \/ Yoast SEO Premium plugin. -->","yoast_head_json":{"title":"Pol\u00edtica de Uso Aceptable - Panther Wallet","robots":{"index":"index","follow":"follow","max-snippet":"max-snippet:-1","max-image-preview":"max-image-preview:large","max-video-preview":"max-video-preview:-1"},"canonical":"http:\/\/test.mypanther.io\/es\/politica-de-uso-aceptable\/","og_locale":"es_ES","og_type":"article","og_title":"Pol\u00edtica de Uso Aceptable","og_description":"INGRESAR REGISTRARSE POL\u00cdTICA DE USO ACEPTABLE \u00daltima actualizaci\u00f3n: 1 de Marzo de 2026 1. Objeto y Alcance La presente Pol\u00edtica de Uso Aceptable (la \u201cPol\u00edtica\u201d) establece las reglas, restricciones y est\u00e1ndares de conducta aplicables al acceso y uso de la plataforma Panther (la \u201cPlataforma\u201d) y de todos los servicios, funcionalidades, aplicaciones, interfaces, APIs y herramientas [&hellip;]","og_url":"http:\/\/test.mypanther.io\/es\/politica-de-uso-aceptable\/","og_site_name":"Panther Wallet","article_modified_time":"2026-04-14T16:26:36+00:00","twitter_card":"summary_large_image","twitter_misc":{"Tiempo de lectura":"5 minutos"},"schema":{"@context":"https:\/\/schema.org","@graph":[{"@type":"WebPage","@id":"http:\/\/test.mypanther.io\/politica-de-uso-aceptable\/","url":"http:\/\/test.mypanther.io\/politica-de-uso-aceptable\/","name":"Pol\u00edtica de Uso Aceptable - Panther Wallet","isPartOf":{"@id":"http:\/\/test.mypanther.io\/#website"},"datePublished":"2026-03-02T14:27:28+00:00","dateModified":"2026-04-14T16:26:36+00:00","breadcrumb":{"@id":"http:\/\/test.mypanther.io\/politica-de-uso-aceptable\/#breadcrumb"},"inLanguage":"es","potentialAction":[{"@type":"ReadAction","target":["http:\/\/test.mypanther.io\/politica-de-uso-aceptable\/"]}]},{"@type":"BreadcrumbList","@id":"http:\/\/test.mypanther.io\/politica-de-uso-aceptable\/#breadcrumb","itemListElement":[{"@type":"ListItem","position":1,"name":"Portada","item":"http:\/\/test.mypanther.io\/"},{"@type":"ListItem","position":2,"name":"Pol\u00edtica de Uso Aceptable"}]},{"@type":"WebSite","@id":"http:\/\/test.mypanther.io\/#website","url":"http:\/\/test.mypanther.io\/","name":"Panther Wallet","description":"Panther Wallet","publisher":{"@id":"http:\/\/test.mypanther.io\/#organization"},"potentialAction":[{"@type":"SearchAction","target":{"@type":"EntryPoint","urlTemplate":"http:\/\/test.mypanther.io\/?s={search_term_string}"},"query-input":{"@type":"PropertyValueSpecification","valueRequired":true,"valueName":"search_term_string"}}],"inLanguage":"es"},{"@type":"Organization","@id":"http:\/\/test.mypanther.io\/#organization","name":"Panther Wallet","url":"http:\/\/test.mypanther.io\/","logo":{"@type":"ImageObject","inLanguage":"es","@id":"http:\/\/test.mypanther.io\/#\/schema\/logo\/image\/","url":"http:\/\/test.mypanther.io\/wp-content\/uploads\/2025\/10\/logo-h.svg","contentUrl":"http:\/\/test.mypanther.io\/wp-content\/uploads\/2025\/10\/logo-h.svg","width":194,"height":82,"caption":"Panther Wallet"},"image":{"@id":"http:\/\/test.mypanther.io\/#\/schema\/logo\/image\/"}}]}},"_links":{"self":[{"href":"http:\/\/test.mypanther.io\/es\/wp-json\/wp\/v2\/pages\/2382","targetHints":{"allow":["GET"]}}],"collection":[{"href":"http:\/\/test.mypanther.io\/es\/wp-json\/wp\/v2\/pages"}],"about":[{"href":"http:\/\/test.mypanther.io\/es\/wp-json\/wp\/v2\/types\/page"}],"author":[{"embeddable":true,"href":"http:\/\/test.mypanther.io\/es\/wp-json\/wp\/v2\/users\/1"}],"replies":[{"embeddable":true,"href":"http:\/\/test.mypanther.io\/es\/wp-json\/wp\/v2\/comments?post=2382"}],"version-history":[{"count":13,"href":"http:\/\/test.mypanther.io\/es\/wp-json\/wp\/v2\/pages\/2382\/revisions"}],"predecessor-version":[{"id":3231,"href":"http:\/\/test.mypanther.io\/es\/wp-json\/wp\/v2\/pages\/2382\/revisions\/3231"}],"wp:attachment":[{"href":"http:\/\/test.mypanther.io\/es\/wp-json\/wp\/v2\/media?parent=2382"}],"curies":[{"name":"wp","href":"https:\/\/api.w.org\/{rel}","templated":true}]}}